{"id":1849,"date":"2022-07-22T09:54:33","date_gmt":"2022-07-22T07:54:33","guid":{"rendered":"https:\/\/nonokai.com\/?post_type=product&#038;p=1849"},"modified":"2022-07-22T12:13:59","modified_gmt":"2022-07-22T10:13:59","slug":"hendrix-mjedena-narukvica","status":"publish","type":"product","link":"https:\/\/nonokai.com\/hr\/proizvod\/hendrix-mjedena-narukvica\/","title":{"rendered":"Brass Hendrix bridge bangle"},"content":{"rendered":"<p>Savski Zeleni most najstariji je zagreba\u010dki prometni most, izgra\u0111en davne 1939. Njegova povijesna zna\u010dajka je \u0161to je za tada\u0161nje vrijeme imao mosni luk najve\u0107eg raspona od svih \u017eeljezni\u010dkih mostova u Europi.<\/p>\n<p>&nbsp;<\/p>\n<p>Naziv \u201cHendrixov most\u201d dobio je zahvaljuju\u0107i grafitu Hendrix koji se od 80-ih godina uporno pojavljivao na mostu; unato\u010d naporu gradskih vlasti da ga ukloni, grafit bi nakon nekog vremena iznova osvanuo na istom mjestu.<\/p>\n<p>Ustrajnost u naumu nepoznatog grafitera uvjetovala je da ga gra\u0111ani neformalno po\u010dnu zvati Hendrixov most, te je 2015. godine pokrenuta inicijativa za preimenovanjem \u2013 grad Zagreb je pristao na ime, ali ne i na grafit koji je trajno izbrisan, a umjesto njega napravljena je svjetlosna instalacija.<\/p>\n<p>Zahvaljuju\u0107i grafitu s prezimenom slavnog rock-glazbenika i gitaristi\u010dkog genija Jimija Hendrixa, most je dobio kultni status, postao jedan od simbola urbane pop-kulture grada Zagreba, te dio kolektivne svijesti Zagrep\u010dana.<\/p>\n<p>&nbsp;<\/p>\n<p>Ova kolekcija \u010duva uspomenu na nekada\u0161nji izgled mosta i originalni natpis. Most koji u stvarnosti spaja stari i novi dio grada, sada spaja pro\u0161lost i sada\u0161njost, simbolizira mladena\u010dku buntovost, te \u010dini idealan unisex poklon. Dolazi u srebrnoj i mjedenoj varijanti, presvu\u010den zelenom patinom, a dostupan je u formi narukvice, ogrlice, te prstena.<\/p>","protected":false},"excerpt":{"rendered":"<p>Inspirirana Hendrixovim mostom - Mjed sa zelenom patinom.<\/p>","protected":false},"featured_media":1850,"comment_status":"closed","ping_status":"closed","template":"","meta":[],"product_cat":[24],"product_tag":[],"_links":{"self":[{"href":"https:\/\/nonokai.com\/hr\/wp-json\/wp\/v2\/product\/1849"}],"collection":[{"href":"https:\/\/nonokai.com\/hr\/wp-json\/wp\/v2\/product"}],"about":[{"href":"https:\/\/nonokai.com\/hr\/wp-json\/wp\/v2\/types\/product"}],"replies":[{"embeddable":true,"href":"https:\/\/nonokai.com\/hr\/wp-json\/wp\/v2\/comments?post=1849"}],"version-history":[{"count":5,"href":"https:\/\/nonokai.com\/hr\/wp-json\/wp\/v2\/product\/1849\/revisions"}],"predecessor-version":[{"id":1887,"href":"https:\/\/nonokai.com\/hr\/wp-json\/wp\/v2\/product\/1849\/revisions\/1887"}],"wp:featuredmedia":[{"embeddable":true,"href":"https:\/\/nonokai.com\/hr\/wp-json\/wp\/v2\/media\/1850"}],"wp:attachment":[{"href":"https:\/\/nonokai.com\/hr\/wp-json\/wp\/v2\/media?parent=1849"}],"wp:term":[{"taxonomy":"product_cat","embeddable":true,"href":"https:\/\/nonokai.com\/hr\/wp-json\/wp\/v2\/product_cat?post=1849"},{"taxonomy":"product_tag","embeddable":true,"href":"https:\/\/nonokai.com\/hr\/wp-json\/wp\/v2\/product_tag?post=1849"}],"curies":[{"name":"wp","href":"https:\/\/api.w.org\/{rel}","templated":true}]}}